{"id":383,"date":"2026-01-26T08:24:31","date_gmt":"2026-01-26T08:24:31","guid":{"rendered":"https:\/\/velolovefit.com\/inicio\/"},"modified":"2026-04-01T11:42:00","modified_gmt":"2026-04-01T11:42:00","slug":"inicio","status":"publish","type":"page","link":"https:\/\/velolove.pro\/es\/","title":{"rendered":"Inicio"},"content":{"rendered":"\t\t<div data-elementor-type=\"wp-page\" data-elementor-id=\"383\" class=\"elementor elementor-383 elementor-2\" data-elementor-post-type=\"page\">\n\t\t\t\t<div class=\"elementor-element elementor-element-16c385f e-con-full e-flex e-con e-parent\" data-id=\"16c385f\" data-element_type=\"container\" data-e-type=\"container\" data-settings=\"{&quot;background_background&quot;:&quot;video&quot;,&quot;background_video_link&quot;:&quot;https:\\\/\\\/velolovefit.com\\\/wp-content\\\/uploads\\\/2026\\\/03\\\/videoFons.mov&quot;,&quot;background_play_on_mobile&quot;:&quot;yes&quot;}\">\n\t\t<div class=\"elementor-background-video-container\">\n\t\t\t\t\t\t\t<video class=\"elementor-background-video-hosted\" role=\"presentation\" autoplay muted playsinline loop><\/video>\n\t\t\t\t\t<\/div><div class=\"elementor-element elementor-element-3bebb66 e-con-full e-flex e-con e-child\" data-id=\"3bebb66\" data-element_type=\"container\" data-e-type=\"container\">\n\t\t\t\t<div class=\"elementor-element elementor-element-6e2401d animated-slow elementor-invisible elementor-widget elementor-widget-theme-site-logo elementor-widget-image\" data-id=\"6e2401d\" data-element_type=\"widget\" data-e-type=\"widget\" data-settings=\"{&quot;_animation&quot;:&quot;fadeIn&quot;}\" data-widget_type=\"theme-site-logo.default\">\n\t\t\t\t\t\t\t\t\t\t\t<a href=\"https:\/\/velolove.pro\/es\/\">\n\t\t\t<img fetchpriority=\"high\" decoding=\"async\" width=\"2196\" height=\"527\" src=\"https:\/\/velolove.pro\/wp-content\/uploads\/2026\/01\/velolove-logos_Mesa-de-trabajo-1-copia-12.png\" class=\"attachment-full size-full wp-image-45\" alt=\"Logo Velolove\" srcset=\"https:\/\/velolove.pro\/wp-content\/uploads\/2026\/01\/velolove-logos_Mesa-de-trabajo-1-copia-12.png 2196w, https:\/\/velolove.pro\/wp-content\/uploads\/2026\/01\/velolove-logos_Mesa-de-trabajo-1-copia-12-300x72.png 300w, https:\/\/velolove.pro\/wp-content\/uploads\/2026\/01\/velolove-logos_Mesa-de-trabajo-1-copia-12-1024x246.png 1024w, https:\/\/velolove.pro\/wp-content\/uploads\/2026\/01\/velolove-logos_Mesa-de-trabajo-1-copia-12-768x184.png 768w, https:\/\/velolove.pro\/wp-content\/uploads\/2026\/01\/velolove-logos_Mesa-de-trabajo-1-copia-12-1536x369.png 1536w, https:\/\/velolove.pro\/wp-content\/uploads\/2026\/01\/velolove-logos_Mesa-de-trabajo-1-copia-12-2048x491.png 2048w\" sizes=\"(max-width: 2196px) 100vw, 2196px\" \/>\t\t\t\t<\/a>\n\t\t\t\t\t\t\t\t\t\t\t<\/div>\n\t\t<div class=\"elementor-element elementor-element-5c2fcc5 e-con-full e-flex e-con e-child\" data-id=\"5c2fcc5\" data-element_type=\"container\" data-e-type=\"container\">\n\t\t\t\t<div class=\"elementor-element elementor-element-22a60e6 animated-slow elementor-invisible elementor-widget elementor-widget-heading\" data-id=\"22a60e6\" data-element_type=\"widget\" data-e-type=\"widget\" data-settings=\"{&quot;_animation&quot;:&quot;fadeIn&quot;,&quot;_animation_delay&quot;:200}\" data-widget_type=\"heading.default\">\n\t\t\t\t\t<h1 class=\"elementor-heading-title elementor-size-default\">Estudio de Bike Fitting y<br>fisioterapia para ciclistas<\/h1>\t\t\t\t<\/div>\n\t\t\t\t<div class=\"elementor-element elementor-element-1f20796 animated-slow elementor-invisible elementor-widget elementor-widget-text-editor\" data-id=\"1f20796\" data-element_type=\"widget\" data-e-type=\"widget\" data-settings=\"{&quot;_animation&quot;:&quot;fadeIn&quot;,&quot;_animation_delay&quot;:400}\" data-widget_type=\"text-editor.default\">\n\t\t\t\t\t\t\t\t\t<p>En Velolove ayudamos a ciclistas a mejorar su rendimiento, optimizar su posici\u00f3n sobre la bicicleta y prevenir lesiones a trav\u00e9s de estudios biomec\u00e1nicos profesionales y fisioterapia deportiva especializada.<\/p>\t\t\t\t\t\t\t\t<\/div>\n\t\t\t\t<div class=\"elementor-element elementor-element-e4fa0d4 elementor-align-center animated-slow elementor-invisible elementor-widget elementor-widget-button\" data-id=\"e4fa0d4\" data-element_type=\"widget\" data-e-type=\"widget\" data-settings=\"{&quot;_animation&quot;:&quot;fadeIn&quot;,&quot;_animation_delay&quot;:600}\" data-widget_type=\"button.default\">\n\t\t\t\t\t\t\t\t\t\t<a class=\"elementor-button elementor-button-link elementor-size-sm\" href=\"https:\/\/velolovefit.com\/es\/contacto\/\">\n\t\t\t\t\t\t<span class=\"elementor-button-content-wrapper\">\n\t\t\t\t\t\t\t\t\t<span class=\"elementor-button-text\">Reserva tu estudio biomec\u00e1nico<\/span>\n\t\t\t\t\t<\/span>\n\t\t\t\t\t<\/a>\n\t\t\t\t\t\t\t\t<\/div>\n\t\t\t\t<\/div>\n\t\t\t\t<div class=\"elementor-element elementor-element-e1848eb animated-slow elementor-invisible elementor-widget elementor-widget-image\" data-id=\"e1848eb\" data-element_type=\"widget\" data-e-type=\"widget\" data-settings=\"{&quot;_animation&quot;:&quot;fadeInUp&quot;,&quot;_animation_delay&quot;:800}\" data-widget_type=\"image.default\">\n\t\t\t\t\t\t\t\t\t\t\t\t\t\t\t<img decoding=\"async\" width=\"800\" height=\"462\" src=\"https:\/\/velolove.pro\/wp-content\/uploads\/2026\/03\/vista-arriba-bicicleta-carretera-e1774869260441-1024x591.png\" class=\"attachment-large size-large wp-image-384\" alt=\"Parte delantera de una bicicleta vista desde arriba\" srcset=\"https:\/\/velolove.pro\/wp-content\/uploads\/2026\/03\/vista-arriba-bicicleta-carretera-e1774869260441-1024x591.png 1024w, https:\/\/velolove.pro\/wp-content\/uploads\/2026\/03\/vista-arriba-bicicleta-carretera-e1774869260441-300x173.png 300w, https:\/\/velolove.pro\/wp-content\/uploads\/2026\/03\/vista-arriba-bicicleta-carretera-e1774869260441-768x443.png 768w, https:\/\/velolove.pro\/wp-content\/uploads\/2026\/03\/vista-arriba-bicicleta-carretera-e1774869260441.png 1467w\" sizes=\"(max-width: 800px) 100vw, 800px\" \/>\t\t\t\t\t\t\t\t\t\t\t\t\t\t\t<\/div>\n\t\t\t\t<\/div>\n\t\t\t\t<\/div>\n\t\t<div class=\"elementor-element elementor-element-117e25b e-con-full e-flex e-con e-parent\" data-id=\"117e25b\" data-element_type=\"container\" data-e-type=\"container\" data-settings=\"{&quot;background_background&quot;:&quot;classic&quot;}\">\n\t\t<div class=\"elementor-element elementor-element-da6bfb7 e-con-full e-flex e-con e-child\" data-id=\"da6bfb7\" data-element_type=\"container\" data-e-type=\"container\">\n\t\t<div class=\"elementor-element elementor-element-1276a92 e-con-full e-flex e-con e-child\" data-id=\"1276a92\" data-element_type=\"container\" data-e-type=\"container\">\n\t\t\t\t<div class=\"elementor-element elementor-element-1afc4b0 animated-slow elementor-invisible elementor-widget elementor-widget-heading\" data-id=\"1afc4b0\" data-element_type=\"widget\" data-e-type=\"widget\" data-settings=\"{&quot;_animation&quot;:&quot;fadeIn&quot;}\" data-widget_type=\"heading.default\">\n\t\t\t\t\t<h2 class=\"elementor-heading-title elementor-size-default\">Nuestros servicios<\/h2>\t\t\t\t<\/div>\n\t\t<div class=\"elementor-element elementor-element-70dd347 e-con-full e-flex e-con e-child\" data-id=\"70dd347\" data-element_type=\"container\" data-e-type=\"container\">\n\t\t\t\t<div class=\"elementor-element elementor-element-0b35670 animated-slow elementor-view-default elementor-invisible elementor-widget elementor-widget-icon\" data-id=\"0b35670\" data-element_type=\"widget\" data-e-type=\"widget\" data-settings=\"{&quot;_animation&quot;:&quot;fadeIn&quot;,&quot;_animation_delay&quot;:100}\" data-widget_type=\"icon.default\">\n\t\t\t\t\t\t\t<div class=\"elementor-icon-wrapper\">\n\t\t\t<div class=\"elementor-icon\">\n\t\t\t<svg aria-hidden=\"true\" class=\"e-font-icon-svg e-fas-circle\" viewBox=\"0 0 512 512\" xmlns=\"http:\/\/www.w3.org\/2000\/svg\"><path d=\"M256 8C119 8 8 119 8 256s111 248 248 248 248-111 248-248S393 8 256 8z\"><\/path><\/svg>\t\t\t<\/div>\n\t\t<\/div>\n\t\t\t\t\t\t<\/div>\n\t\t\t\t<div class=\"elementor-element elementor-element-f9d4196 animated-slow elementor-widget-mobile__width-initial elementor-invisible elementor-widget elementor-widget-text-editor\" data-id=\"f9d4196\" data-element_type=\"widget\" data-e-type=\"widget\" data-settings=\"{&quot;_animation&quot;:&quot;fadeIn&quot;,&quot;_animation_delay&quot;:200}\" data-widget_type=\"text-editor.default\">\n\t\t\t\t\t\t\t\t\t<p>Realizamos estudios biomec\u00e1nicos completos para analizar y optimizar la posici\u00f3n del ciclista sobre la bicicleta. Mediante tecnolog\u00eda de an\u00e1lisis 3D y un protocolo profesional evaluamos el movimiento, ajustamos la posici\u00f3n y mejoramos la eficiencia de pedaleo.<\/p>\t\t\t\t\t\t\t\t<\/div>\n\t\t\t\t<\/div>\n\t\t<div class=\"elementor-element elementor-element-9b4bb04 e-con-full e-flex e-con e-child\" data-id=\"9b4bb04\" data-element_type=\"container\" data-e-type=\"container\">\n\t\t\t\t<div class=\"elementor-element elementor-element-bb7356c animated-slow elementor-view-default elementor-invisible elementor-widget elementor-widget-icon\" data-id=\"bb7356c\" data-element_type=\"widget\" data-e-type=\"widget\" data-settings=\"{&quot;_animation&quot;:&quot;fadeIn&quot;,&quot;_animation_delay&quot;:300}\" data-widget_type=\"icon.default\">\n\t\t\t\t\t\t\t<div class=\"elementor-icon-wrapper\">\n\t\t\t<div class=\"elementor-icon\">\n\t\t\t<svg aria-hidden=\"true\" class=\"e-font-icon-svg e-fas-circle\" viewBox=\"0 0 512 512\" xmlns=\"http:\/\/www.w3.org\/2000\/svg\"><path d=\"M256 8C119 8 8 119 8 256s111 248 248 248 248-111 248-248S393 8 256 8z\"><\/path><\/svg>\t\t\t<\/div>\n\t\t<\/div>\n\t\t\t\t\t\t<\/div>\n\t\t\t\t<div class=\"elementor-element elementor-element-fc7187b animated-slow elementor-widget-mobile__width-initial elementor-invisible elementor-widget elementor-widget-text-editor\" data-id=\"fc7187b\" data-element_type=\"widget\" data-e-type=\"widget\" data-settings=\"{&quot;_animation&quot;:&quot;fadeIn&quot;,&quot;_animation_delay&quot;:400}\" data-widget_type=\"text-editor.default\">\n\t\t\t\t\t\t\t\t\t<p>Disponemos de un espacio dedicado a la recuperaci\u00f3n deportiva, con dos salas equipadas para fisioterapia, tratamiento de lesiones, recuperaci\u00f3n muscular y masaje deportivo enfocado a ciclistas.<\/p>\t\t\t\t\t\t\t\t<\/div>\n\t\t\t\t<\/div>\n\t\t<div class=\"elementor-element elementor-element-0d3a47c e-con-full e-flex e-con e-child\" data-id=\"0d3a47c\" data-element_type=\"container\" data-e-type=\"container\">\n\t\t<a class=\"elementor-element elementor-element-2d3565a e-con-full dm-interactive-btn animated-slow e-flex elementor-invisible e-con e-child\" data-id=\"2d3565a\" data-element_type=\"container\" data-e-type=\"container\" data-settings=\"{&quot;background_background&quot;:&quot;classic&quot;,&quot;animation&quot;:&quot;fadeIn&quot;,&quot;animation_delay&quot;:600}\" href=\"https:\/\/velolovefit.com\/es\/bike-fitting\/\">\n\t\t<div class=\"elementor-element elementor-element-9878d74 e-con-full dm-interactive-btn-circle e-flex e-con e-child\" data-id=\"9878d74\" data-element_type=\"container\" data-e-type=\"container\" data-settings=\"{&quot;background_background&quot;:&quot;classic&quot;,&quot;position&quot;:&quot;absolute&quot;}\">\n\t\t\t\t<\/div>\n\t\t\t\t<div class=\"elementor-element elementor-element-734e3ba dm-interactive-btn-text elementor-widget-mobile__width-initial elementor-widget elementor-widget-heading\" data-id=\"734e3ba\" data-element_type=\"widget\" data-e-type=\"widget\" data-widget_type=\"heading.default\">\n\t\t\t\t\t<h3 class=\"elementor-heading-title elementor-size-default\">Bike Fitting con Tecnolog\u00eda Ret\u00fcl<\/h3>\t\t\t\t<\/div>\n\t\t\t\t<div class=\"elementor-element elementor-element-054d78d elementor-view-stacked elementor-shape-circle elementor-widget elementor-widget-icon\" data-id=\"054d78d\" data-element_type=\"widget\" data-e-type=\"widget\" data-widget_type=\"icon.default\">\n\t\t\t\t\t\t\t<div class=\"elementor-icon-wrapper\">\n\t\t\t<div class=\"elementor-icon\">\n\t\t\t<svg xmlns=\"http:\/\/www.w3.org\/2000\/svg\" width=\"24\" height=\"24\" viewBox=\"0 0 24 24\" fill=\"none\"><path fill-rule=\"evenodd\" clip-rule=\"evenodd\" d=\"M17.8725 6.08494L15.41 6.82494L17.05 11.1139C18.0383 10.8719 19.0817 11.0155 19.9678 11.5156C20.8539 12.0158 21.5161 12.8348 21.8196 13.806C22.1231 14.7771 22.0451 15.8275 21.6014 16.7432C21.1578 17.6589 20.3818 18.3711 19.4316 18.7348C18.4813 19.0985 17.4281 19.0864 16.4864 18.701C15.5448 18.3156 14.7854 17.5857 14.3629 16.6601C13.9403 15.7345 13.8864 14.6826 14.2121 13.7187C14.5378 12.7547 15.2187 11.9511 16.116 11.4714L15.292 9.31644L12.451 15.2174C12.41 15.3022 12.346 15.3737 12.2662 15.4237C12.1864 15.4737 12.0941 15.5001 12 15.4999H9.969C9.84066 16.5086 9.33307 17.4305 8.54939 18.0783C7.76572 18.7262 6.76477 19.0513 5.74999 18.9876C4.73521 18.924 3.78274 18.4763 3.08619 17.7356C2.38964 16.9949 2.00126 16.0167 2 14.9999C1.99924 13.9819 2.38667 13.0019 3.08334 12.2596C3.78001 11.5173 4.7335 11.0686 5.74952 11.0048C6.76554 10.9411 7.76764 11.2671 8.55163 11.9165C9.33562 12.5659 9.84251 13.4898 9.969 14.4999H11.219L8.779 7.66794C8.75979 7.61401 8.74998 7.55719 8.75 7.49994H8C7.86739 7.49994 7.74022 7.44726 7.64645 7.35349C7.55268 7.25973 7.5 7.13255 7.5 6.99994C7.5 6.86733 7.55268 6.74016 7.64645 6.64639C7.74022 6.55262 7.86739 6.49994 8 6.49994H10.25C10.3826 6.49994 10.5098 6.55262 10.6036 6.64639C10.6973 6.74016 10.75 6.86733 10.75 6.99994C10.75 7.13255 10.6973 7.25973 10.6036 7.35349C10.5098 7.44726 10.3826 7.49994 10.25 7.49994H9.781L10.702 10.0784L14.7655 7.93994L14.283 6.67844C14.2584 6.6142 14.2474 6.54558 14.2506 6.47688C14.2537 6.40818 14.271 6.34087 14.3014 6.27916C14.3318 6.21745 14.3745 6.16267 14.427 6.11824C14.4795 6.07381 14.5406 6.04068 14.6065 6.02094L17.585 5.12744L17.8725 6.08494ZM11.0415 11.0299L12.0275 13.7899L14.1425 9.39794L11.0415 11.0299ZM17.533 15.1784L16.4765 12.4149C15.8286 12.7972 15.348 13.4088 15.1298 14.1287C14.9117 14.8486 14.9719 15.6242 15.2986 16.3017C15.6254 16.9793 16.1947 17.5094 16.8938 17.787C17.5929 18.0646 18.3708 18.0694 19.0733 17.8005C19.7758 17.5316 20.3517 17.0087 20.6868 16.3352C21.0219 15.6617 21.0918 14.887 20.8826 14.1644C20.6734 13.4419 20.2004 12.8243 19.5573 12.4341C18.9142 12.0438 18.148 11.9094 17.4105 12.0574L18.467 14.8214C18.5122 14.9448 18.507 15.081 18.4526 15.2006C18.3981 15.3202 18.2988 15.4136 18.176 15.4605C18.0533 15.5074 17.917 15.5041 17.7967 15.4513C17.6763 15.3985 17.5816 15.3005 17.533 15.1784ZM8.9585 14.4999H6C5.86739 14.4999 5.74022 14.5526 5.64645 14.6464C5.55268 14.7402 5.5 14.8673 5.5 14.9999C5.5 15.1325 5.55268 15.2597 5.64645 15.3535C5.74022 15.4473 5.86739 15.4999 6 15.4999H8.9585C8.83113 16.24 8.43095 16.9054 7.83696 17.3648C7.24297 17.8242 6.49833 18.0442 5.75004 17.9814C5.00176 17.9186 4.3042 17.5776 3.79508 17.0256C3.28595 16.4736 3.00226 15.7509 3 14.9999C2.99931 14.2472 3.2816 13.5218 3.79084 12.9675C4.30009 12.4132 4.99908 12.0707 5.74914 12.0077C6.4992 11.9448 7.24551 12.1661 7.84001 12.6277C8.4345 13.0894 8.83374 13.7577 8.9585 14.4999Z\" fill=\"black\"><\/path><\/svg>\t\t\t<\/div>\n\t\t<\/div>\n\t\t\t\t\t\t<\/div>\n\t\t\t\t<\/a>\n\t\t<a class=\"elementor-element elementor-element-9be89b1 e-con-full dm-interactive-btn animated-slow e-flex elementor-invisible e-con e-child\" data-id=\"9be89b1\" data-element_type=\"container\" data-e-type=\"container\" data-settings=\"{&quot;background_background&quot;:&quot;classic&quot;,&quot;animation&quot;:&quot;fadeIn&quot;,&quot;animation_delay&quot;:800}\" href=\"https:\/\/velolovefit.com\/es\/fisioterapia-deportiva\/\">\n\t\t<div class=\"elementor-element elementor-element-f9b3bd9 e-con-full dm-interactive-btn-circle e-flex e-con e-child\" data-id=\"f9b3bd9\" data-element_type=\"container\" data-e-type=\"container\" data-settings=\"{&quot;background_background&quot;:&quot;classic&quot;,&quot;position&quot;:&quot;absolute&quot;}\">\n\t\t\t\t<\/div>\n\t\t\t\t<div class=\"elementor-element elementor-element-7869dc3 dm-interactive-btn-text elementor-widget-mobile__width-initial elementor-widget elementor-widget-heading\" data-id=\"7869dc3\" data-element_type=\"widget\" data-e-type=\"widget\" data-widget_type=\"heading.default\">\n\t\t\t\t\t<h3 class=\"elementor-heading-title elementor-size-default\">Fisioterapia especializada en ciclismo<\/h3>\t\t\t\t<\/div>\n\t\t\t\t<div class=\"elementor-element elementor-element-44e6e78 elementor-view-stacked elementor-widget__width-initial elementor-shape-circle elementor-widget elementor-widget-icon\" data-id=\"44e6e78\" data-element_type=\"widget\" data-e-type=\"widget\" data-widget_type=\"icon.default\">\n\t\t\t\t\t\t\t<div class=\"elementor-icon-wrapper\">\n\t\t\t<div class=\"elementor-icon\">\n\t\t\t<svg xmlns=\"http:\/\/www.w3.org\/2000\/svg\" width=\"24\" height=\"24\" viewBox=\"0 0 24 24\" fill=\"none\"><path d=\"M8.40199 12.223L13.441 12.76C13.7097 12.7854 13.9657 12.7534 14.209 12.664C14.453 12.574 14.639 12.4074 14.767 12.164L15.11 11.487L12.777 10.257L11.312 10.152C11.182 10.132 11.068 10.0707 10.97 9.96804C10.872 9.86671 10.8333 9.75104 10.854 9.62104C10.874 9.47904 10.932 9.36771 11.028 9.28704C11.1233 9.20638 11.236 9.16971 11.366 9.17704L13.069 9.28304L18.536 12.185C18.9993 12.4157 19.4813 12.523 19.982 12.507C20.4827 12.491 20.922 12.3144 21.3 11.977L15.977 6.92304C15.913 6.87171 15.8457 6.83004 15.775 6.79804C15.7043 6.76604 15.6307 6.75004 15.554 6.75004H9.59799L8.16599 4.71604C8.07599 4.58738 7.96366 4.50404 7.82899 4.46604C7.69432 4.42738 7.55666 4.44004 7.41599 4.50404L4.81899 5.74404C4.66566 5.80871 4.56332 5.92104 4.51199 6.08104C4.46066 6.24104 4.46699 6.39804 4.53099 6.55204L6.35399 10.762C6.52599 11.1754 6.79599 11.513 7.16399 11.775C7.53266 12.0364 7.94532 12.1857 8.40199 12.223ZM8.31199 13.217C7.66799 13.1597 7.09066 12.9497 6.57999 12.587C6.06932 12.2237 5.69132 11.7454 5.44599 11.152L3.62299 6.91704C3.44899 6.51038 3.43766 6.10971 3.58899 5.71504C3.74032 5.32038 4.01066 5.02504 4.39999 4.82904L6.98299 3.58904C7.34299 3.41971 7.71032 3.38471 8.08499 3.48404C8.45899 3.58338 8.76232 3.79838 8.99499 4.12904L10.135 5.75004H15.604C15.8067 5.75004 16.0073 5.79138 16.206 5.87404C16.4047 5.95671 16.5763 6.07071 16.721 6.21604L22.3 11.512C22.436 11.6347 22.504 11.7847 22.504 11.962C22.504 12.1387 22.436 12.295 22.3 12.431L22.266 12.466C21.7093 13.022 21.047 13.3467 20.279 13.44C19.511 13.5327 18.7737 13.3944 18.067 13.025L16.013 11.962L15.688 12.591C15.4793 13.0124 15.1593 13.324 14.728 13.526C14.298 13.728 13.8407 13.804 13.356 13.754L8.31199 13.217ZM4.44999 19.88C4.32466 19.9247 4.20299 19.908 4.08499 19.83C3.96699 19.7534 3.88566 19.652 3.84099 19.526C3.79566 19.384 3.80866 19.255 3.87999 19.139C3.95132 19.023 4.05799 18.9424 4.19999 18.897L8.14199 17.917C9.32932 17.6257 10.534 17.3554 11.756 17.106C12.978 16.8567 14.192 16.732 15.398 16.732C16.4213 16.732 17.394 16.9184 18.316 17.291C19.2373 17.663 20.105 18.165 20.919 18.797C21.0337 18.8704 21.0887 18.972 21.084 19.102C21.0793 19.232 21.0303 19.3457 20.937 19.443C20.8437 19.5404 20.7337 19.597 20.607 19.613C20.4803 19.629 20.3587 19.5924 20.242 19.503C19.5307 18.931 18.765 18.493 17.945 18.189C17.125 17.885 16.2823 17.7327 15.417 17.732C14.2097 17.732 12.9997 17.8597 11.787 18.115C10.5737 18.371 9.38632 18.6387 8.22499 18.918L4.44999 19.88Z\" fill=\"black\"><\/path><\/svg>\t\t\t<\/div>\n\t\t<\/div>\n\t\t\t\t\t\t<\/div>\n\t\t\t\t<\/a>\n\t\t\t\t<div class=\"elementor-element elementor-element-e0f1e29 elementor-absolute elementor-widget elementor-widget-html\" data-id=\"e0f1e29\" data-element_type=\"widget\" data-e-type=\"widget\" data-settings=\"{&quot;_position&quot;:&quot;absolute&quot;}\" data-widget_type=\"html.default\">\n\t\t\t\t\t<style>\n\n    \/*Button Background*\/\n\n    .dm-interactive-btn .dm-interactive-btn-circle {\n\n        --interactive-circle-transition: 1s;\n\n        aspect-ratio: 1;\n        width: 0%;\n        opacity: 0;\n        pointer-events: none;\n        transition: width var(--interactive-circle-transition), opacity var(--interactive-circle-transition);\n        transform: translate(-50%, -50%);\n\n    }\n\n    .dm-interactive-btn:hover .dm-interactive-btn-circle {\n\n      width: 200%;\n      opacity: 1;\n\n      transition: width var(--interactive-circle-transition), opacity 0s;\n    }\n\n    \/*Text color default and hover*\/\n\n    .dm-interactive-btn-text .elementor-heading-title{\n\n        color: #05101A !important;\n        transition: color 0.5s;\n\n    }\n\n    .dm-interactive-btn:hover .dm-interactive-btn-text .elementor-heading-title{\n\n        color: #05101A !important;\n        transition: color 0.5s;\n\n    }\n\n    \/*Arrow Icon Animation on Hover*\/\n\n    .dm-interactive-btn-arrow {\n\n        transition: 0.3s !important;\n\n    }\n\n    .dm-interactive-btn:hover .dm-interactive-btn-arrow {\n\n        rotate:-30deg;\n\n    }\n\n<\/style>\n\n<script>\ndocument.addEventListener('DOMContentLoaded', () => {\n    const dmBtns = document.querySelectorAll('.dm-interactive-btn');\n\n    dmBtns.forEach(dmBtn => {\n        const dmCircle = dmBtn.querySelector('.dm-interactive-btn-circle');\n\n        dmBtn.addEventListener('mouseenter', e => {\n            const rect = dmBtn.getBoundingClientRect();\n            const x = e.clientX - rect.left;\n            const y = e.clientY - rect.top;\n\n            dmCircle.style.left = `${x}px`;\n            dmCircle.style.top = `${y}px`;\n        });\n\n    });\n});\n<\/script>\t\t\t\t<\/div>\n\t\t\t\t<\/div>\n\t\t\t\t<\/div>\n\t\t\t\t<\/div>\n\t\t\t\t<\/div>\n\t\t<div class=\"elementor-element elementor-element-dc6af43 e-con-full e-flex e-con e-parent\" data-id=\"dc6af43\" data-element_type=\"container\" data-e-type=\"container\">\n\t\t<div class=\"elementor-element elementor-element-1e795d8 e-con-full e-flex e-con e-child\" data-id=\"1e795d8\" data-element_type=\"container\" data-e-type=\"container\">\n\t\t\t\t<div class=\"elementor-element elementor-element-282c097 animated-slow elementor-invisible elementor-widget elementor-widget-heading\" data-id=\"282c097\" data-element_type=\"widget\" data-e-type=\"widget\" data-settings=\"{&quot;_animation&quot;:&quot;fadeIn&quot;}\" data-widget_type=\"heading.default\">\n\t\t\t\t\t<h2 class=\"elementor-heading-title elementor-size-default\">El Studio<\/h2>\t\t\t\t<\/div>\n\t\t\t\t<div class=\"elementor-element elementor-element-c30f089 elementor-widget__width-initial animated-slow elementor-widget-tablet__width-inherit elementor-invisible elementor-widget elementor-widget-text-editor\" data-id=\"c30f089\" data-element_type=\"widget\" data-e-type=\"widget\" data-settings=\"{&quot;_animation&quot;:&quot;fadeIn&quot;,&quot;_animation_delay&quot;:200}\" data-widget_type=\"text-editor.default\">\n\t\t\t\t\t\t\t\t\t<p>Un espacio pensado para ciclistas equipado con tecnolog\u00eda avanzada y zonas dedicadas tanto al an\u00e1lisis biomec\u00e1nico como a la recuperaci\u00f3n f\u00edsica.<\/p><p>Adem\u00e1s, Velolove ser\u00e1 el primer centro oficial de biomec\u00e1nica Canyon, donde podr\u00e1s realizar un estudio previo para elegir la bicicleta y la configuraci\u00f3n que mejor se adapte a ti.<\/p>\t\t\t\t\t\t\t\t<\/div>\n\t\t\t\t<div class=\"elementor-element elementor-element-a01370a elementor-align-left animated-slow elementor-invisible elementor-widget elementor-widget-button\" data-id=\"a01370a\" data-element_type=\"widget\" data-e-type=\"widget\" data-settings=\"{&quot;_animation&quot;:&quot;fadeIn&quot;,&quot;_animation_delay&quot;:400}\" data-widget_type=\"button.default\">\n\t\t\t\t\t\t\t\t\t\t<a class=\"elementor-button elementor-button-link elementor-size-sm\" href=\"https:\/\/velolovefit.com\/es\/bike-fitting\/\">\n\t\t\t\t\t\t<span class=\"elementor-button-content-wrapper\">\n\t\t\t\t\t\t\t\t\t<span class=\"elementor-button-text\">Encuentra tu posici\u00f3n perfecta sobre la bicicleta<\/span>\n\t\t\t\t\t<\/span>\n\t\t\t\t\t<\/a>\n\t\t\t\t\t\t\t\t<\/div>\n\t\t\t\t<\/div>\n\t\t<div class=\"elementor-element elementor-element-42a7346 e-con-full animated-slow e-flex elementor-invisible e-con e-child\" data-id=\"42a7346\" data-element_type=\"container\" data-e-type=\"container\" data-settings=\"{&quot;background_background&quot;:&quot;classic&quot;,&quot;animation&quot;:&quot;fadeIn&quot;,&quot;animation_delay&quot;:200}\">\n\t\t\t\t<\/div>\n\t\t\t\t<\/div>\n\t\t\t\t<\/div>\n\t\t","protected":false},"excerpt":{"rendered":"<p>Estudio de Bike Fitting yfisioterapia para ciclistas En Velolove ayudamos a ciclistas a mejorar su rendimiento, optimizar su posici\u00f3n sobre la bicicleta y prevenir lesiones a trav\u00e9s de estudios biomec\u00e1nicos profesionales y fisioterapia deportiva especializada. Reserva tu estudio biomec\u00e1nico Nuestros servicios Realizamos estudios biomec\u00e1nicos completos para analizar y optimizar la posici\u00f3n del ciclista sobre la [&hellip;]<\/p>\n","protected":false},"author":1,"featured_media":0,"parent":0,"menu_order":0,"comment_status":"closed","ping_status":"closed","template":"elementor_header_footer","meta":{"footnotes":""},"class_list":["post-383","page","type-page","status-publish","hentry"],"_links":{"self":[{"href":"https:\/\/velolove.pro\/es\/wp-json\/wp\/v2\/pages\/383","targetHints":{"allow":["GET"]}}],"collection":[{"href":"https:\/\/velolove.pro\/es\/wp-json\/wp\/v2\/pages"}],"about":[{"href":"https:\/\/velolove.pro\/es\/wp-json\/wp\/v2\/types\/page"}],"author":[{"embeddable":true,"href":"https:\/\/velolove.pro\/es\/wp-json\/wp\/v2\/users\/1"}],"replies":[{"embeddable":true,"href":"https:\/\/velolove.pro\/es\/wp-json\/wp\/v2\/comments?post=383"}],"version-history":[{"count":8,"href":"https:\/\/velolove.pro\/es\/wp-json\/wp\/v2\/pages\/383\/revisions"}],"predecessor-version":[{"id":430,"href":"https:\/\/velolove.pro\/es\/wp-json\/wp\/v2\/pages\/383\/revisions\/430"}],"wp:attachment":[{"href":"https:\/\/velolove.pro\/es\/wp-json\/wp\/v2\/media?parent=383"}],"curies":[{"name":"wp","href":"https:\/\/api.w.org\/{rel}","templated":true}]}}