{"id":389,"date":"2026-03-27T12:36:47","date_gmt":"2026-03-27T12:36:47","guid":{"rendered":"https:\/\/velolovefit.com\/bike-fitting\/"},"modified":"2026-04-01T11:37:13","modified_gmt":"2026-04-01T11:37:13","slug":"bike-fitting","status":"publish","type":"page","link":"https:\/\/velolove.pro\/es\/bike-fitting\/","title":{"rendered":"Bike Fitting"},"content":{"rendered":"\t\t<div data-elementor-type=\"wp-page\" data-elementor-id=\"389\" class=\"elementor elementor-389 elementor-17\" data-elementor-post-type=\"page\">\n\t\t\t\t<div class=\"elementor-element elementor-element-6804b0d e-con-full e-flex e-con e-parent\" data-id=\"6804b0d\" data-element_type=\"container\" data-e-type=\"container\" data-settings=\"{&quot;background_background&quot;:&quot;video&quot;,&quot;background_video_link&quot;:&quot;https:\\\/\\\/velolovefit.com\\\/wp-content\\\/uploads\\\/2026\\\/03\\\/videoFons.mov&quot;,&quot;background_play_on_mobile&quot;:&quot;yes&quot;}\">\n\t\t<div class=\"elementor-background-video-container\">\n\t\t\t\t\t\t\t<video class=\"elementor-background-video-hosted\" role=\"presentation\" autoplay muted playsinline loop><\/video>\n\t\t\t\t\t<\/div><div class=\"elementor-element elementor-element-33fc9f4 e-con-full animated-slow e-flex elementor-invisible e-con e-child\" data-id=\"33fc9f4\" data-element_type=\"container\" data-e-type=\"container\" data-settings=\"{&quot;background_background&quot;:&quot;classic&quot;,&quot;animation&quot;:&quot;fadeInLeft&quot;,&quot;animation_delay&quot;:200}\">\n\t\t\t\t<\/div>\n\t\t<div class=\"elementor-element elementor-element-5ee8176 e-con-full e-flex e-con e-child\" data-id=\"5ee8176\" data-element_type=\"container\" data-e-type=\"container\">\n\t\t\t\t<div class=\"elementor-element elementor-element-ceee327 animated-slow elementor-invisible elementor-widget elementor-widget-heading\" data-id=\"ceee327\" data-element_type=\"widget\" data-e-type=\"widget\" data-settings=\"{&quot;_animation&quot;:&quot;fadeIn&quot;}\" data-widget_type=\"heading.default\">\n\t\t\t\t\t<h1 class=\"elementor-heading-title elementor-size-default\">Bike Fitting<\/h1>\t\t\t\t<\/div>\n\t\t\t\t<div class=\"elementor-element elementor-element-d677035 elementor-widget__width-initial animated-slow elementor-invisible elementor-widget elementor-widget-text-editor\" data-id=\"d677035\" data-element_type=\"widget\" data-e-type=\"widget\" data-settings=\"{&quot;_animation&quot;:&quot;fadeIn&quot;,&quot;_animation_delay&quot;:200}\" data-widget_type=\"text-editor.default\">\n\t\t\t\t\t\t\t\t\t<p>Estudio biomec\u00e1nico para ciclistas.<\/p><p>El Bike Fitting es un estudio biomec\u00e1nico que analiza la posici\u00f3n del ciclista sobre la bicicleta para optimizar comodidad, eficiencia y rendimiento. En Velolove utilizamos tecnolog\u00eda de an\u00e1lisis 3D para estudiar el movimiento mientras pedaleas y realizar los ajustes necesarios para conseguir la posici\u00f3n ideal.<\/p>\t\t\t\t\t\t\t\t<\/div>\n\t\t\t\t<div class=\"elementor-element elementor-element-f81a084 elementor-align-left animated-slow elementor-invisible elementor-widget elementor-widget-button\" data-id=\"f81a084\" data-element_type=\"widget\" data-e-type=\"widget\" data-settings=\"{&quot;_animation&quot;:&quot;fadeIn&quot;,&quot;_animation_delay&quot;:400}\" data-widget_type=\"button.default\">\n\t\t\t\t\t\t\t\t\t\t<a class=\"elementor-button elementor-button-link elementor-size-sm\" href=\"https:\/\/velolovefit.com\/contacte\/\">\n\t\t\t\t\t\t<span class=\"elementor-button-content-wrapper\">\n\t\t\t\t\t\t\t\t\t<span class=\"elementor-button-text\">Reserva tu Bike Fitting<\/span>\n\t\t\t\t\t<\/span>\n\t\t\t\t\t<\/a>\n\t\t\t\t\t\t\t\t<\/div>\n\t\t\t\t<\/div>\n\t\t\t\t<\/div>\n\t\t<div class=\"elementor-element elementor-element-9b23152 e-con-full e-flex e-con e-parent\" data-id=\"9b23152\" data-element_type=\"container\" data-e-type=\"container\" data-settings=\"{&quot;background_background&quot;:&quot;classic&quot;}\">\n\t\t<div class=\"elementor-element elementor-element-0da80e3 e-con-full e-flex e-con e-child\" data-id=\"0da80e3\" data-element_type=\"container\" data-e-type=\"container\">\n\t\t<div class=\"elementor-element elementor-element-48b11fb e-con-full e-flex e-con e-child\" data-id=\"48b11fb\" data-element_type=\"container\" data-e-type=\"container\">\n\t\t\t\t<div class=\"elementor-element elementor-element-b4df45e animated-slow elementor-invisible elementor-widget elementor-widget-heading\" data-id=\"b4df45e\" data-element_type=\"widget\" data-e-type=\"widget\" data-settings=\"{&quot;_animation&quot;:&quot;fadeIn&quot;}\" data-widget_type=\"heading.default\">\n\t\t\t\t\t<h2 class=\"elementor-heading-title elementor-size-default\">Nuestro m\u00e9todo<\/h2>\t\t\t\t<\/div>\n\t\t\t\t<div class=\"elementor-element elementor-element-ef32c8d animated-slow elementor-widget-mobile__width-initial elementor-invisible elementor-widget elementor-widget-text-editor\" data-id=\"ef32c8d\" data-element_type=\"widget\" data-e-type=\"widget\" data-settings=\"{&quot;_animation&quot;:&quot;fadeIn&quot;,&quot;_animation_delay&quot;:200}\" data-widget_type=\"text-editor.default\">\n\t\t\t\t\t\t\t\t\t<p>Un proceso completo en tres fases, con una duraci\u00f3n de 2h15 &#8211; 2h30<\/p>\t\t\t\t\t\t\t\t<\/div>\n\t\t<div class=\"elementor-element elementor-element-a0695ce e-con-full e-flex e-con e-child\" data-id=\"a0695ce\" data-element_type=\"container\" data-e-type=\"container\">\n\t\t\t\t<div class=\"elementor-element elementor-element-0733963 elementor-absolute elementor-widget elementor-widget-html\" data-id=\"0733963\" data-element_type=\"widget\" data-e-type=\"widget\" data-settings=\"{&quot;_position&quot;:&quot;absolute&quot;}\" data-widget_type=\"html.default\">\n\t\t\t\t\t<style>\n\n    \/*Button Background*\/\n\n    .dm-interactive-btn .dm-interactive-btn-circle {\n\n        --interactive-circle-transition: 1s;\n\n        aspect-ratio: 1;\n        width: 0%;\n        opacity: 0;\n        pointer-events: none;\n        transition: width var(--interactive-circle-transition), opacity var(--interactive-circle-transition);\n        transform: translate(-50%, -50%);\n\n    }\n\n    .dm-interactive-btn:hover .dm-interactive-btn-circle {\n\n      width: 200%;\n      opacity: 1;\n\n      transition: width var(--interactive-circle-transition), opacity 0s;\n    }\n\n    \/*Text color default and hover*\/\n\n    .dm-interactive-btn-text .elementor-heading-title{\n\n        color: #05101A !important;\n        transition: color 0.5s;\n\n    }\n\n    .dm-interactive-btn:hover .dm-interactive-btn-text .elementor-heading-title{\n\n        color: #05101A !important;\n        transition: color 0.5s;\n\n    }\n\n    \/*Arrow Icon Animation on Hover*\/\n\n    .dm-interactive-btn-arrow {\n\n        transition: 0.3s !important;\n\n    }\n\n    .dm-interactive-btn:hover .dm-interactive-btn-arrow {\n\n        rotate:-30deg;\n\n    }\n\n<\/style>\n\n<script>\ndocument.addEventListener('DOMContentLoaded', () =&gt; {\n    const dmBtns = document.querySelectorAll('.dm-interactive-btn');\n\n    dmBtns.forEach(dmBtn =&gt; {\n        const dmCircle = dmBtn.querySelector('.dm-interactive-btn-circle');\n\n        dmBtn.addEventListener('mouseenter', e =&gt; {\n            const rect = dmBtn.getBoundingClientRect();\n            const x = e.clientX - rect.left;\n            const y = e.clientY - rect.top;\n\n            dmCircle.style.left = `${x}px`;\n            dmCircle.style.top = `${y}px`;\n        });\n\n    });\n});\n<\/script>\t\t\t\t<\/div>\n\t\t\t\t<\/div>\n\t\t\t\t<\/div>\n\t\t<div class=\"elementor-element elementor-element-8bb4d8a e-con-full e-flex e-con e-child\" data-id=\"8bb4d8a\" data-element_type=\"container\" data-e-type=\"container\">\n\t\t<div class=\"elementor-element elementor-element-e3dc760 e-con-full e-flex e-con e-child\" data-id=\"e3dc760\" data-element_type=\"container\" data-e-type=\"container\">\n\t\t<div class=\"elementor-element elementor-element-e6997e5 e-con-full dm-interactive-btn animated-slow e-flex elementor-invisible e-con e-child\" data-id=\"e6997e5\" data-element_type=\"container\" data-e-type=\"container\" data-settings=\"{&quot;background_background&quot;:&quot;classic&quot;,&quot;animation&quot;:&quot;fadeIn&quot;,&quot;animation_delay&quot;:200}\">\n\t\t<div class=\"elementor-element elementor-element-9d006d3 e-con-full dm-interactive-btn-circle e-flex e-con e-child\" data-id=\"9d006d3\" data-element_type=\"container\" data-e-type=\"container\" data-settings=\"{&quot;background_background&quot;:&quot;classic&quot;,&quot;position&quot;:&quot;absolute&quot;}\">\n\t\t\t\t<\/div>\n\t\t\t\t<div class=\"elementor-element elementor-element-bd6714a elementor-widget elementor-widget-text-editor\" data-id=\"bd6714a\" data-element_type=\"widget\" data-e-type=\"widget\" data-widget_type=\"text-editor.default\">\n\t\t\t\t\t\t\t\t\t<p>1<\/p>\t\t\t\t\t\t\t\t<\/div>\n\t\t\t\t<div class=\"elementor-element elementor-element-20584ab elementor-widget-mobile__width-initial elementor-widget elementor-widget-heading\" data-id=\"20584ab\" data-element_type=\"widget\" data-e-type=\"widget\" data-widget_type=\"heading.default\">\n\t\t\t\t\t<h3 class=\"elementor-heading-title elementor-size-default\">Entrevista inicial<\/h3>\t\t\t\t<\/div>\n\t\t\t\t<div class=\"elementor-element elementor-element-5215ff1 elementor-widget elementor-widget-text-editor\" data-id=\"5215ff1\" data-element_type=\"widget\" data-e-type=\"widget\" data-widget_type=\"text-editor.default\">\n\t\t\t\t\t\t\t\t\t<p>Empezamos con una entrevista para conocer al ciclista:<br>experiencia, objetivos, molestias o lesiones previas y sensaciones sobre la bicicleta.<\/p>\t\t\t\t\t\t\t\t<\/div>\n\t\t\t\t<\/div>\n\t\t<div class=\"elementor-element elementor-element-e936ccf e-con-full dm-interactive-btn animated-slow e-flex elementor-invisible e-con e-child\" data-id=\"e936ccf\" data-element_type=\"container\" data-e-type=\"container\" data-settings=\"{&quot;background_background&quot;:&quot;classic&quot;,&quot;animation&quot;:&quot;fadeIn&quot;,&quot;animation_delay&quot;:400}\">\n\t\t<div class=\"elementor-element elementor-element-2278a2d e-con-full dm-interactive-btn-circle e-flex e-con e-child\" data-id=\"2278a2d\" data-element_type=\"container\" data-e-type=\"container\" data-settings=\"{&quot;background_background&quot;:&quot;classic&quot;,&quot;position&quot;:&quot;absolute&quot;}\">\n\t\t\t\t<\/div>\n\t\t\t\t<div class=\"elementor-element elementor-element-5dccf52 elementor-widget elementor-widget-text-editor\" data-id=\"5dccf52\" data-element_type=\"widget\" data-e-type=\"widget\" data-widget_type=\"text-editor.default\">\n\t\t\t\t\t\t\t\t\t<p>2<\/p>\t\t\t\t\t\t\t\t<\/div>\n\t\t\t\t<div class=\"elementor-element elementor-element-d6e6895 elementor-widget-mobile__width-initial elementor-widget elementor-widget-heading\" data-id=\"d6e6895\" data-element_type=\"widget\" data-e-type=\"widget\" data-widget_type=\"heading.default\">\n\t\t\t\t\t<h3 class=\"elementor-heading-title elementor-size-default\">Exploraci\u00f3n f\u00edsica<\/h3>\t\t\t\t<\/div>\n\t\t\t\t<div class=\"elementor-element elementor-element-f79980f elementor-widget elementor-widget-text-editor\" data-id=\"f79980f\" data-element_type=\"widget\" data-e-type=\"widget\" data-widget_type=\"text-editor.default\">\n\t\t\t\t\t\t\t\t\t<p>Realizamos una valoraci\u00f3n f\u00edsica donde analizamos flexibilidad, movilidad, posibles dismetr\u00edas y patrones de movimiento.<\/p>\t\t\t\t\t\t\t\t<\/div>\n\t\t\t\t<\/div>\n\t\t<div class=\"elementor-element elementor-element-5c34e8e e-con-full dm-interactive-btn animated-slow e-flex elementor-invisible e-con e-child\" data-id=\"5c34e8e\" data-element_type=\"container\" data-e-type=\"container\" data-settings=\"{&quot;background_background&quot;:&quot;classic&quot;,&quot;animation&quot;:&quot;fadeIn&quot;,&quot;animation_delay&quot;:600}\">\n\t\t<div class=\"elementor-element elementor-element-091c091 e-con-full dm-interactive-btn-circle e-flex e-con e-child\" data-id=\"091c091\" data-element_type=\"container\" data-e-type=\"container\" data-settings=\"{&quot;background_background&quot;:&quot;classic&quot;,&quot;position&quot;:&quot;absolute&quot;}\">\n\t\t\t\t<\/div>\n\t\t\t\t<div class=\"elementor-element elementor-element-4106222 elementor-widget elementor-widget-text-editor\" data-id=\"4106222\" data-element_type=\"widget\" data-e-type=\"widget\" data-widget_type=\"text-editor.default\">\n\t\t\t\t\t\t\t\t\t<p>3<\/p>\t\t\t\t\t\t\t\t<\/div>\n\t\t\t\t<div class=\"elementor-element elementor-element-e94c7b4 elementor-widget-mobile__width-initial elementor-widget elementor-widget-heading\" data-id=\"e94c7b4\" data-element_type=\"widget\" data-e-type=\"widget\" data-widget_type=\"heading.default\">\n\t\t\t\t\t<h3 class=\"elementor-heading-title elementor-size-default\">An\u00e1lisis din\u00e1mico bici<\/h3>\t\t\t\t<\/div>\n\t\t\t\t<div class=\"elementor-element elementor-element-8497c25 elementor-widget elementor-widget-text-editor\" data-id=\"8497c25\" data-element_type=\"widget\" data-e-type=\"widget\" data-widget_type=\"text-editor.default\">\n\t\t\t\t\t\t\t\t\t<p>El ciclista pedalea sobre la bicicleta mientras colocamos sensores 3D que analizan el movimiento en tiempo real. A partir de estos datos ajustamos la posici\u00f3n para optimizar el pedaleo.<\/p>\t\t\t\t\t\t\t\t<\/div>\n\t\t\t\t<\/div>\n\t\t<div class=\"elementor-element elementor-element-e0e982d e-con-full dm-interactive-btn animated-slow e-flex elementor-invisible e-con e-child\" data-id=\"e0e982d\" data-element_type=\"container\" data-e-type=\"container\" data-settings=\"{&quot;background_background&quot;:&quot;classic&quot;,&quot;animation&quot;:&quot;fadeIn&quot;,&quot;animation_delay&quot;:800}\">\n\t\t<div class=\"elementor-element elementor-element-29ea3db e-con-full dm-interactive-btn-circle e-flex e-con e-child\" data-id=\"29ea3db\" data-element_type=\"container\" data-e-type=\"container\" data-settings=\"{&quot;background_background&quot;:&quot;classic&quot;,&quot;position&quot;:&quot;absolute&quot;}\">\n\t\t\t\t<\/div>\n\t\t\t\t<div class=\"elementor-element elementor-element-f12f247 elementor-widget elementor-widget-text-editor\" data-id=\"f12f247\" data-element_type=\"widget\" data-e-type=\"widget\" data-widget_type=\"text-editor.default\">\n\t\t\t\t\t\t\t\t\t<p>4<\/p>\t\t\t\t\t\t\t\t<\/div>\n\t\t\t\t<div class=\"elementor-element elementor-element-67c0a37 dm-interactive-btn-text elementor-widget-mobile__width-initial elementor-widget elementor-widget-heading\" data-id=\"67c0a37\" data-element_type=\"widget\" data-e-type=\"widget\" data-widget_type=\"heading.default\">\n\t\t\t\t\t<h3 class=\"elementor-heading-title elementor-size-default\">Informe final<\/h3>\t\t\t\t<\/div>\n\t\t\t\t<div class=\"elementor-element elementor-element-e6a5334 dm-interactive-btn-text elementor-widget elementor-widget-text-editor\" data-id=\"e6a5334\" data-element_type=\"widget\" data-e-type=\"widget\" data-widget_type=\"text-editor.default\">\n\t\t\t\t\t\t\t\t\t<p>Al finalizar el estudio recibir\u00e1s un informe detallado con todas las medidas finales de la bicicleta, fotograf\u00edas, ajustes realizados y recomendaciones para optimizar tu posici\u00f3n.<\/p>\t\t\t\t\t\t\t\t<\/div>\n\t\t\t\t<\/div>\n\t\t\t\t<div class=\"elementor-element elementor-element-de0b5a5 elementor-absolute elementor-widget elementor-widget-html\" data-id=\"de0b5a5\" data-element_type=\"widget\" data-e-type=\"widget\" data-settings=\"{&quot;_position&quot;:&quot;absolute&quot;}\" data-widget_type=\"html.default\">\n\t\t\t\t\t<style>\n\n    \/*Button Background*\/\n\n    .dm-interactive-btn .dm-interactive-btn-circle {\n\n        --interactive-circle-transition: 1s;\n\n        aspect-ratio: 1;\n        width: 0%;\n        opacity: 0;\n        pointer-events: none;\n        transition: width var(--interactive-circle-transition), opacity var(--interactive-circle-transition);\n        transform: translate(-50%, -50%);\n\n    }\n\n    .dm-interactive-btn:hover .dm-interactive-btn-circle {\n\n      width: 300%;\n      opacity: 1;\n\n      transition: width var(--interactive-circle-transition), opacity 0s;\n    }\n\n    \/*Text color default and hover*\/\n\n    .dm-interactive-btn-text .elementor-heading-title, .dm-interactive-btn-text p{\n\n        color: #05101A !important;\n        transition: color 0.5s;\n\n    }\n\n    .dm-interactive-btn:hover .dm-interactive-btn-text .elementor-heading-title, .dm-interactive-btn:hover .dm-interactive-btn-text p{\n\n        color: #fff !important;\n        transition: color 0.5s;\n\n    }\n\n    \/*Arrow Icon Animation on Hover*\/\n\n    .dm-interactive-btn-arrow {\n\n        transition: 0.3s !important;\n\n    }\n\n    .dm-interactive-btn:hover .dm-interactive-btn-arrow {\n\n        rotate:-30deg;\n\n    }\n\n<\/style>\n\n<script>\ndocument.addEventListener('DOMContentLoaded', () => {\n    const dmBtns = document.querySelectorAll('.dm-interactive-btn');\n\n    dmBtns.forEach(dmBtn => {\n        const dmCircle = dmBtn.querySelector('.dm-interactive-btn-circle');\n\n        dmBtn.addEventListener('mouseenter', e => {\n            const rect = dmBtn.getBoundingClientRect();\n            const x = e.clientX - rect.left;\n            const y = e.clientY - rect.top;\n\n            dmCircle.style.left = `${x}px`;\n            dmCircle.style.top = `${y}px`;\n        });\n\n    });\n});\n<\/script>\t\t\t\t<\/div>\n\t\t\t\t<\/div>\n\t\t\t\t<\/div>\n\t\t\t\t<\/div>\n\t\t\t\t<\/div>\n\t\t<div class=\"elementor-element elementor-element-5196d03 e-con-full e-flex e-con e-parent\" data-id=\"5196d03\" data-element_type=\"container\" data-e-type=\"container\">\n\t\t<div class=\"elementor-element elementor-element-1f60d78 e-con-full e-flex e-con e-child\" data-id=\"1f60d78\" data-element_type=\"container\" data-e-type=\"container\">\n\t\t\t\t<div class=\"elementor-element elementor-element-482bfa0 animated-slow elementor-invisible elementor-widget elementor-widget-heading\" data-id=\"482bfa0\" data-element_type=\"widget\" data-e-type=\"widget\" data-settings=\"{&quot;_animation&quot;:&quot;fadeIn&quot;}\" data-widget_type=\"heading.default\">\n\t\t\t\t\t<h2 class=\"elementor-heading-title elementor-size-default\">Tecnolog\u00eda Ret\u00fcl<\/h2>\t\t\t\t<\/div>\n\t\t\t\t<div class=\"elementor-element elementor-element-d4c3990 elementor-widget__width-initial animated-slow elementor-widget-tablet__width-inherit elementor-invisible elementor-widget elementor-widget-text-editor\" data-id=\"d4c3990\" data-element_type=\"widget\" data-e-type=\"widget\" data-settings=\"{&quot;_animation&quot;:&quot;fadeIn&quot;,&quot;_animation_delay&quot;:200}\" data-widget_type=\"text-editor.default\">\n\t\t\t\t\t\t\t\t\t<p>Trabajamos con el sistema Ret\u00fcl, una tecnolog\u00eda avanzada utilizada en biomec\u00e1nica ciclista que permite capturar el movimiento en tres dimensiones mediante sensores colocados en el cuerpo del ciclista.<\/p><p>Esto nos permite medir con precisi\u00f3n \u00e1ngulos, posiciones y movimientos durante el pedaleo.<\/p>\t\t\t\t\t\t\t\t<\/div>\n\t\t\t\t<div class=\"elementor-element elementor-element-22df897 elementor-align-left animated-slow elementor-invisible elementor-widget elementor-widget-button\" data-id=\"22df897\" data-element_type=\"widget\" data-e-type=\"widget\" data-settings=\"{&quot;_animation&quot;:&quot;fadeIn&quot;,&quot;_animation_delay&quot;:400}\" data-widget_type=\"button.default\">\n\t\t\t\t\t\t\t\t\t\t<a class=\"elementor-button elementor-button-link elementor-size-sm\" href=\"https:\/\/velolovefit.com\/contacte\/\">\n\t\t\t\t\t\t<span class=\"elementor-button-content-wrapper\">\n\t\t\t\t\t\t\t\t\t<span class=\"elementor-button-text\">Reserva el teu Bike Fitting<\/span>\n\t\t\t\t\t<\/span>\n\t\t\t\t\t<\/a>\n\t\t\t\t\t\t\t\t<\/div>\n\t\t\t\t<\/div>\n\t\t<div class=\"elementor-element elementor-element-e00bfe2 e-con-full animated-slow e-flex elementor-invisible e-con e-child\" data-id=\"e00bfe2\" data-element_type=\"container\" data-e-type=\"container\" data-settings=\"{&quot;background_background&quot;:&quot;classic&quot;,&quot;animation&quot;:&quot;fadeIn&quot;,&quot;animation_delay&quot;:200}\">\n\t\t\t\t<\/div>\n\t\t\t\t<\/div>\n\t\t\t\t<\/div>\n\t\t","protected":false},"excerpt":{"rendered":"<p>Bike Fitting Estudio biomec\u00e1nico para ciclistas. El Bike Fitting es un estudio biomec\u00e1nico que analiza la posici\u00f3n del ciclista sobre la bicicleta para optimizar comodidad, eficiencia y rendimiento. En Velolove utilizamos tecnolog\u00eda de an\u00e1lisis 3D para estudiar el movimiento mientras pedaleas y realizar los ajustes necesarios para conseguir la posici\u00f3n ideal. Reserva tu Bike Fitting [&hellip;]<\/p>\n","protected":false},"author":1,"featured_media":0,"parent":0,"menu_order":0,"comment_status":"closed","ping_status":"closed","template":"","meta":{"footnotes":""},"class_list":["post-389","page","type-page","status-publish","hentry"],"_links":{"self":[{"href":"https:\/\/velolove.pro\/es\/wp-json\/wp\/v2\/pages\/389","targetHints":{"allow":["GET"]}}],"collection":[{"href":"https:\/\/velolove.pro\/es\/wp-json\/wp\/v2\/pages"}],"about":[{"href":"https:\/\/velolove.pro\/es\/wp-json\/wp\/v2\/types\/page"}],"author":[{"embeddable":true,"href":"https:\/\/velolove.pro\/es\/wp-json\/wp\/v2\/users\/1"}],"replies":[{"embeddable":true,"href":"https:\/\/velolove.pro\/es\/wp-json\/wp\/v2\/comments?post=389"}],"version-history":[{"count":7,"href":"https:\/\/velolove.pro\/es\/wp-json\/wp\/v2\/pages\/389\/revisions"}],"predecessor-version":[{"id":424,"href":"https:\/\/velolove.pro\/es\/wp-json\/wp\/v2\/pages\/389\/revisions\/424"}],"wp:attachment":[{"href":"https:\/\/velolove.pro\/es\/wp-json\/wp\/v2\/media?parent=389"}],"curies":[{"name":"wp","href":"https:\/\/api.w.org\/{rel}","templated":true}]}}