{"id":396,"date":"2026-03-27T12:38:44","date_gmt":"2026-03-27T12:38:44","guid":{"rendered":"https:\/\/velolovefit.com\/el-studio\/"},"modified":"2026-04-01T10:47:08","modified_gmt":"2026-04-01T10:47:08","slug":"el-studio","status":"publish","type":"page","link":"https:\/\/velolove.pro\/es\/el-studio\/","title":{"rendered":"El Studio"},"content":{"rendered":"\t\t<div data-elementor-type=\"wp-page\" data-elementor-id=\"396\" class=\"elementor elementor-396 elementor-21\" data-elementor-post-type=\"page\">\n\t\t\t\t<div class=\"elementor-element elementor-element-d9ca718 e-con-full e-flex e-con e-parent\" data-id=\"d9ca718\" data-element_type=\"container\" data-e-type=\"container\" data-settings=\"{&quot;background_background&quot;:&quot;video&quot;,&quot;background_video_link&quot;:&quot;https:\\\/\\\/velolovefit.com\\\/wp-content\\\/uploads\\\/2026\\\/03\\\/videoFons.mov&quot;,&quot;background_play_on_mobile&quot;:&quot;yes&quot;}\">\n\t\t<div class=\"elementor-background-video-container\">\n\t\t\t\t\t\t\t<video class=\"elementor-background-video-hosted\" role=\"presentation\" autoplay muted playsinline loop><\/video>\n\t\t\t\t\t<\/div><div class=\"elementor-element elementor-element-09d9744 e-con-full animated-slow e-flex elementor-invisible e-con e-child\" data-id=\"09d9744\" data-element_type=\"container\" data-e-type=\"container\" data-settings=\"{&quot;background_background&quot;:&quot;classic&quot;,&quot;animation&quot;:&quot;fadeInLeft&quot;,&quot;animation_delay&quot;:200}\">\n\t\t\t\t<\/div>\n\t\t<div class=\"elementor-element elementor-element-93aff28 e-con-full e-flex e-con e-child\" data-id=\"93aff28\" data-element_type=\"container\" data-e-type=\"container\">\n\t\t\t\t<div class=\"elementor-element elementor-element-2b92416 animated-slow elementor-invisible elementor-widget elementor-widget-heading\" data-id=\"2b92416\" data-element_type=\"widget\" data-e-type=\"widget\" data-settings=\"{&quot;_animation&quot;:&quot;fadeIn&quot;}\" data-widget_type=\"heading.default\">\n\t\t\t\t\t<h1 class=\"elementor-heading-title elementor-size-default\">El Studio<\/h1>\t\t\t\t<\/div>\n\t\t\t\t<div class=\"elementor-element elementor-element-bb5c0e0 elementor-widget__width-initial animated-slow elementor-invisible elementor-widget elementor-widget-text-editor\" data-id=\"bb5c0e0\" data-element_type=\"widget\" data-e-type=\"widget\" data-settings=\"{&quot;_animation&quot;:&quot;fadeIn&quot;,&quot;_animation_delay&quot;:200}\" data-widget_type=\"text-editor.default\">\n\t\t\t\t\t\t\t\t\t<p>Un espacio dedicado al ciclismo.<\/p><p>Velolove es un estudio especializado en biomec\u00e1nica ciclista y fisioterapia deportiva. Un espacio creado para ofrecer a los ciclistas un entorno profesional donde mejorar su posici\u00f3n sobre la bicicleta, optimizar su rendimiento y cuidar su cuerpo.<\/p>\t\t\t\t\t\t\t\t<\/div>\n\t\t\t\t<div class=\"elementor-element elementor-element-dfa3a69 elementor-align-left animated-slow elementor-invisible elementor-widget elementor-widget-button\" data-id=\"dfa3a69\" data-element_type=\"widget\" data-e-type=\"widget\" data-settings=\"{&quot;_animation&quot;:&quot;fadeIn&quot;,&quot;_animation_delay&quot;:400}\" data-widget_type=\"button.default\">\n\t\t\t\t\t\t\t\t\t\t<a class=\"elementor-button elementor-button-link elementor-size-sm\" href=\"https:\/\/velolovefit.com\/contacte\/\">\n\t\t\t\t\t\t<span class=\"elementor-button-content-wrapper\">\n\t\t\t\t\t\t\t\t\t<span class=\"elementor-button-text\">Conoce Velolove<\/span>\n\t\t\t\t\t<\/span>\n\t\t\t\t\t<\/a>\n\t\t\t\t\t\t\t\t<\/div>\n\t\t\t\t<\/div>\n\t\t\t\t<\/div>\n\t\t<div class=\"elementor-element elementor-element-3561914 e-con-full e-flex e-con e-parent\" data-id=\"3561914\" data-element_type=\"container\" data-e-type=\"container\" data-settings=\"{&quot;background_background&quot;:&quot;classic&quot;}\">\n\t\t<div class=\"elementor-element elementor-element-7f68d63 e-con-full e-flex e-con e-child\" data-id=\"7f68d63\" data-element_type=\"container\" data-e-type=\"container\">\n\t\t<div class=\"elementor-element elementor-element-192424a e-con-full animated-slow e-flex elementor-invisible e-con e-child\" data-id=\"192424a\" data-element_type=\"container\" data-e-type=\"container\" data-settings=\"{&quot;background_background&quot;:&quot;classic&quot;,&quot;animation&quot;:&quot;fadeInLeft&quot;,&quot;animation_delay&quot;:800}\">\n\t\t\t\t<\/div>\n\t\t<div class=\"elementor-element elementor-element-bc7b370 e-con-full e-flex e-con e-child\" data-id=\"bc7b370\" data-element_type=\"container\" data-e-type=\"container\">\n\t\t\t\t<div class=\"elementor-element elementor-element-d26421f animated-slow elementor-invisible elementor-widget elementor-widget-heading\" data-id=\"d26421f\" data-element_type=\"widget\" data-e-type=\"widget\" data-settings=\"{&quot;_animation&quot;:&quot;fadeIn&quot;}\" data-widget_type=\"heading.default\">\n\t\t\t\t\t<h2 class=\"elementor-heading-title elementor-size-default\">El espacio<\/h2>\t\t\t\t<\/div>\n\t\t\t\t<div class=\"elementor-element elementor-element-4609305 animated-slow elementor-widget-mobile__width-initial elementor-invisible elementor-widget elementor-widget-text-editor\" data-id=\"4609305\" data-element_type=\"widget\" data-e-type=\"widget\" data-settings=\"{&quot;_animation&quot;:&quot;fadeIn&quot;,&quot;_animation_delay&quot;:200}\" data-widget_type=\"text-editor.default\">\n\t\t\t\t\t\t\t\t\t<p>El centro cuenta con una zona dedicada al bike fitting, equipada con tecnolog\u00eda de an\u00e1lisis biomec\u00e1nico, y con dos salas especializadas en fisioterapia deportiva pensadas para la recuperaci\u00f3n y el tratamiento de lesiones.<\/p><p>Todo el espacio est\u00e1 dise\u00f1ado para ofrecer un servicio profesional y personalizado enfocado en las necesidades del ciclista.<\/p>\t\t\t\t\t\t\t\t<\/div>\n\t\t\t\t<div class=\"elementor-element elementor-element-b9126d6 elementor-align-center animated-slow elementor-invisible elementor-widget elementor-widget-button\" data-id=\"b9126d6\" data-element_type=\"widget\" data-e-type=\"widget\" data-settings=\"{&quot;_animation&quot;:&quot;fadeIn&quot;,&quot;_animation_delay&quot;:400}\" data-widget_type=\"button.default\">\n\t\t\t\t\t\t\t\t\t\t<a class=\"elementor-button elementor-button-link elementor-size-sm\" href=\"https:\/\/www.google.com\/maps\/place\/Velolovefit+RETUL+BIKEFIT+GIRONA,+centre+CENIT\/@41.980408,2.822921,2139m\/data=!3m1!1e3!4m6!3m5!1s0x12bae0cb5e187ecf:0x3ca2ddbdf1bb7757!8m2!3d41.9804075!4d2.8229214!16s%2Fg%2F11bx3s3khy?hl=ca-ES&#038;entry=ttu&#038;g_ep=EgoyMDI2MDMyNC4wIKXMDSoASAFQAw%3D%3D\" target=\"_blank\">\n\t\t\t\t\t\t<span class=\"elementor-button-content-wrapper\">\n\t\t\t\t\t\t\t\t\t<span class=\"elementor-button-text\">Vis\u00edtanos<\/span>\n\t\t\t\t\t<\/span>\n\t\t\t\t\t<\/a>\n\t\t\t\t\t\t\t\t<\/div>\n\t\t<div class=\"elementor-element elementor-element-25e86f6 e-con-full e-flex e-con e-child\" data-id=\"25e86f6\" data-element_type=\"container\" data-e-type=\"container\">\n\t\t\t\t<div class=\"elementor-element elementor-element-105ff4e elementor-absolute elementor-widget elementor-widget-html\" data-id=\"105ff4e\" data-element_type=\"widget\" data-e-type=\"widget\" data-settings=\"{&quot;_position&quot;:&quot;absolute&quot;}\" data-widget_type=\"html.default\">\n\t\t\t\t\t<style>\n\n    \/*Button Background*\/\n\n    .dm-interactive-btn .dm-interactive-btn-circle {\n\n        --interactive-circle-transition: 1s;\n\n        aspect-ratio: 1;\n        width: 0%;\n        opacity: 0;\n        pointer-events: none;\n        transition: width var(--interactive-circle-transition), opacity var(--interactive-circle-transition);\n        transform: translate(-50%, -50%);\n\n    }\n\n    .dm-interactive-btn:hover .dm-interactive-btn-circle {\n\n      width: 200%;\n      opacity: 1;\n\n      transition: width var(--interactive-circle-transition), opacity 0s;\n    }\n\n    \/*Text color default and hover*\/\n\n    .dm-interactive-btn-text .elementor-heading-title{\n\n        color: #05101A !important;\n        transition: color 0.5s;\n\n    }\n\n    .dm-interactive-btn:hover .dm-interactive-btn-text .elementor-heading-title{\n\n        color: #05101A !important;\n        transition: color 0.5s;\n\n    }\n\n    \/*Arrow Icon Animation on Hover*\/\n\n    .dm-interactive-btn-arrow {\n\n        transition: 0.3s !important;\n\n    }\n\n    .dm-interactive-btn:hover .dm-interactive-btn-arrow {\n\n        rotate:-30deg;\n\n    }\n\n<\/style>\n\n<script>\ndocument.addEventListener('DOMContentLoaded', () =&gt; {\n    const dmBtns = document.querySelectorAll('.dm-interactive-btn');\n\n    dmBtns.forEach(dmBtn =&gt; {\n        const dmCircle = dmBtn.querySelector('.dm-interactive-btn-circle');\n\n        dmBtn.addEventListener('mouseenter', e =&gt; {\n            const rect = dmBtn.getBoundingClientRect();\n            const x = e.clientX - rect.left;\n            const y = e.clientY - rect.top;\n\n            dmCircle.style.left = `${x}px`;\n            dmCircle.style.top = `${y}px`;\n        });\n\n    });\n});\n<\/script>\t\t\t\t<\/div>\n\t\t\t\t<\/div>\n\t\t\t\t<\/div>\n\t\t<div class=\"elementor-element elementor-element-b9dbe95 e-con-full animated-slow e-flex elementor-invisible e-con e-child\" data-id=\"b9dbe95\" data-element_type=\"container\" data-e-type=\"container\" data-settings=\"{&quot;background_background&quot;:&quot;classic&quot;,&quot;animation&quot;:&quot;fadeInRight&quot;,&quot;animation_delay&quot;:800}\">\n\t\t\t\t<\/div>\n\t\t\t\t<\/div>\n\t\t\t\t<\/div>\n\t\t<div class=\"elementor-element elementor-element-3ebd2d3 e-con-full e-flex e-con e-parent\" data-id=\"3ebd2d3\" data-element_type=\"container\" data-e-type=\"container\">\n\t\t<div class=\"elementor-element elementor-element-7939dc9 e-con-full e-flex e-con e-child\" data-id=\"7939dc9\" data-element_type=\"container\" data-e-type=\"container\">\n\t\t\t\t<div class=\"elementor-element elementor-element-142484a animated-slow elementor-invisible elementor-widget elementor-widget-heading\" data-id=\"142484a\" data-element_type=\"widget\" data-e-type=\"widget\" data-settings=\"{&quot;_animation&quot;:&quot;fadeIn&quot;}\" data-widget_type=\"heading.default\">\n\t\t\t\t\t<h2 class=\"elementor-heading-title elementor-size-default\">Centro oficial Canyon<\/h2>\t\t\t\t<\/div>\n\t\t\t\t<div class=\"elementor-element elementor-element-5373e07 elementor-widget__width-initial animated-slow elementor-widget-tablet__width-inherit elementor-invisible elementor-widget elementor-widget-text-editor\" data-id=\"5373e07\" data-element_type=\"widget\" data-e-type=\"widget\" data-settings=\"{&quot;_animation&quot;:&quot;fadeIn&quot;,&quot;_animation_delay&quot;:200}\" data-widget_type=\"text-editor.default\">\n\t\t\t\t\t\t\t\t\t<p>Velolove ser\u00e1 el primer centro oficial de biomec\u00e1nica Canyon, donde los ciclistas podr\u00e1n realizar un estudio biomec\u00e1nico antes de comprar su bicicleta.<\/p><p>Este servicio permite determinar la talla, geometr\u00eda y configuraci\u00f3n m\u00e1s adecuadas para cada ciclista, asegurando que la bicicleta se adapte perfectamente desde el primer momento.<\/p>\t\t\t\t\t\t\t\t<\/div>\n\t\t\t\t<div class=\"elementor-element elementor-element-62c63a4 elementor-align-left animated-slow elementor-invisible elementor-widget elementor-widget-button\" data-id=\"62c63a4\" data-element_type=\"widget\" data-e-type=\"widget\" data-settings=\"{&quot;_animation&quot;:&quot;fadeIn&quot;,&quot;_animation_delay&quot;:400}\" data-widget_type=\"button.default\">\n\t\t\t\t\t\t\t\t\t\t<a class=\"elementor-button elementor-button-link elementor-size-sm\" href=\"https:\/\/velolovefit.com\/contacte\/\">\n\t\t\t\t\t\t<span class=\"elementor-button-content-wrapper\">\n\t\t\t\t\t\t\t\t\t<span class=\"elementor-button-text\">Contacta con nosotros<\/span>\n\t\t\t\t\t<\/span>\n\t\t\t\t\t<\/a>\n\t\t\t\t\t\t\t\t<\/div>\n\t\t\t\t<\/div>\n\t\t<div class=\"elementor-element elementor-element-a9d28b3 e-con-full animated-slow e-flex elementor-invisible e-con e-child\" data-id=\"a9d28b3\" data-element_type=\"container\" data-e-type=\"container\" data-settings=\"{&quot;background_background&quot;:&quot;classic&quot;,&quot;animation&quot;:&quot;fadeIn&quot;,&quot;animation_delay&quot;:200}\">\n\t\t\t\t<\/div>\n\t\t\t\t<\/div>\n\t\t\t\t<\/div>\n\t\t","protected":false},"excerpt":{"rendered":"<p>El Studio Un espacio dedicado al ciclismo. Velolove es un estudio especializado en biomec\u00e1nica ciclista y fisioterapia deportiva. Un espacio creado para ofrecer a los ciclistas un entorno profesional donde mejorar su posici\u00f3n sobre la bicicleta, optimizar su rendimiento y cuidar su cuerpo. Conoce Velolove El espacio El centro cuenta con una zona dedicada al [&hellip;]<\/p>\n","protected":false},"author":1,"featured_media":0,"parent":0,"menu_order":0,"comment_status":"closed","ping_status":"closed","template":"","meta":{"footnotes":""},"class_list":["post-396","page","type-page","status-publish","hentry"],"_links":{"self":[{"href":"https:\/\/velolove.pro\/es\/wp-json\/wp\/v2\/pages\/396","targetHints":{"allow":["GET"]}}],"collection":[{"href":"https:\/\/velolove.pro\/es\/wp-json\/wp\/v2\/pages"}],"about":[{"href":"https:\/\/velolove.pro\/es\/wp-json\/wp\/v2\/types\/page"}],"author":[{"embeddable":true,"href":"https:\/\/velolove.pro\/es\/wp-json\/wp\/v2\/users\/1"}],"replies":[{"embeddable":true,"href":"https:\/\/velolove.pro\/es\/wp-json\/wp\/v2\/comments?post=396"}],"version-history":[{"count":1,"href":"https:\/\/velolove.pro\/es\/wp-json\/wp\/v2\/pages\/396\/revisions"}],"predecessor-version":[{"id":401,"href":"https:\/\/velolove.pro\/es\/wp-json\/wp\/v2\/pages\/396\/revisions\/401"}],"wp:attachment":[{"href":"https:\/\/velolove.pro\/es\/wp-json\/wp\/v2\/media?parent=396"}],"curies":[{"name":"wp","href":"https:\/\/api.w.org\/{rel}","templated":true}]}}